{"id":5,"date":"2019-11-29T18:53:08","date_gmt":"2019-11-29T17:53:08","guid":{"rendered":"https:\/\/www.fetishroot.com\/amateur-cams\/?page_id=5"},"modified":"2024-10-18T13:48:08","modified_gmt":"2024-10-18T11:48:08","slug":"startseite","status":"publish","type":"page","link":"https:\/\/www.fetishroot.com\/fetischbilder\/","title":{"rendered":"Fetischbilder"},"content":{"rendered":"<div class=\"intro\">\n<h2>Die besten Portale f\u00fcr private Fetischbilder vorgestellt<\/h2>\n<p>Jetzt kannst du ganz ungest\u00f6rt in privaten Fetischfotos st\u00f6bern. Hier stellen wir die besten Communities und Portale vor, die t\u00e4glich frische Amateur Fetisch Bilder im Angebot haben. Von Auspeitschen \u00fcber Fu\u00dffetisch, Natursekt oder Z\u00fcchtigung aller Art. Du wirst auf diesen Websites t\u00e4glich die neusten Fetischbilder finden und bist so immer versorgt.<\/p>\n<\/div>\n<p class=\"topofentries\"><strong>Finde deine Adresse f\u00fcr Pornobilder:<\/strong><\/p>\n<div class=\"presentation\">\n<h3>Transen Sex Bilder und mehr<\/h3>\n<p><a href=\"https:\/\/geiletransen.geile-muschi.com\/\" target=\"_blank\" rel=\"noopener noreferrer\">geiletransen.geile-muschi.com ansehen<\/a><br \/>\nRiesige Sammlung Transenbilder und Pornos mit Transen. Au\u00dferdem die besten Empfehlungen f\u00fcr Sextreffen mit Transsexuellen und Shemale Cams!\n<\/div>\n<div class=\"intro\">\n<h2>Exklusive Fetisch Fotos geiler Fetischistinnen aus dem deutschsprachigen Raum<\/h2>\n<p>Als FetischistIn findet man heute viel einfacher eine Plattform, um seine privaten Fetischaufnahmen Gleichgesinnten zeigen zu k\u00f6nnen. Daher haben wir hier im Fetischverzeichnis auch unsere Rubrik &#8222;Fetisch Fotos&#8220; mit aufgenommen. Denn gerade solche Bilder sind zeitlos und man kann sie sich immer wieder anschauen. Viele Amateure haben sich einem oder mehreren Fetischen verschrieben, die sie selbst interessieren und produzieren. Dazu zeigen sie regelm\u00e4\u00dfig ganz private Sexfotos oder auch Videos. Hier findest du eine Auswahl der besten Adressen im Web, wo du zu deiner Neigung sicherlich jede Menge Aufnahmen finden wirst. Klicke dich durch diese Vorschl\u00e4ge und nutze die Suchfunktion, die dir als Mitglied der entsprechenden Portale mit Fetischfotos angeboten wird.<\/p>\n<p><img loading=\"lazy\" decoding=\"async\" src=\"..\/images\/nylon-fetischgirl-taetowiert.jpg\" class=\"aligncenter img-responsive\" width=\"750\" height=\"500\" alt=\"T\u00e4towiertes Nylon Fetischgirl\"><\/p>\n<h3>Was bringen mir die Infos hier im Fetisch Bilder Verzeichnis?<\/h3>\n<ul>\n<li>Zugang zu Portalen, Blogs und Communities mit privaten Fetischfotos<\/li>\n<li>Fetischbilder zu allen Themengebieten finden<\/li>\n<li>Private Fetischgalerien einzelner Models einsehen<\/li>\n<li>Fetischaufnahmen auch interaktiv von Darstellerinnen erhalten<\/li>\n<\/ul>\n<h4>Fetisch Pornobilder ansehen oder Sammeln<\/h4>\n<p>Schaust du dir einfach gerne Pornobilder zu deinem Fetisch an oder sammelst du sie sogar? Jedenfalls k\u00f6nntest du dir mit den hier auf Fetishroot gezeigten Seiten eine riesige Sammlung Fetischbilder anlegen, um sie immer wieder anschauen zu k\u00f6nnen. Wir haben hier die besten deutschsprachigen Angebote zu deinen Fetischen gesammelt &#8211; du musst nur noch aus diesen Vorschl\u00e4gen w\u00e4hlen. Vielleicht interessieren dich aber auch eher Videos? Dann ist unsere Rubrik mit <a hrf=\"https:\/\/www.fetishroot.com\/fetischpornos\/\">Fetischpornos<\/a> sicher die bessere Wahl f\u00fcr dich. Meist finden sich in denselben Portalen mit Fetisch Pornos auch jede Menge Fotos zu Fetischen. Au\u00dferdem gibt es ja auch jede Menge Amateurgirls im deutschsprachigen Raum, die sich einem Fetisch verschrieben haben und dazu sowohl Pornos, Sexfotos oder auch Liveshows anbieten.<\/p>\n<\/div>\n","protected":false},"excerpt":{"rendered":"<p>Die besten Portale f\u00fcr private Fetischbilder vorgestellt Jetzt kannst du ganz ungest\u00f6rt in privaten Fetischfotos st\u00f6bern. Hier stellen wir die<\/p>\n","protected":false},"author":1,"featured_media":0,"parent":0,"menu_order":0,"comment_status":"closed","ping_status":"closed","template":"","meta":{"footnotes":""},"class_list":["post-5","page","type-page","status-publish","hentry"],"yoast_head":"<!-- This site is optimized with the Yoast SEO plugin v26.6 - https:\/\/yoast.com\/wordpress\/plugins\/seo\/ -->\n<title>Fetischbilder | Fetischaufnahmen zu allen Neigungen<\/title>\n<meta name=\"description\" content=\"Aktuelle Fetisch Bilder zu deiner Neigung t\u00e4glich frisch \u27a4\u27a4 Ganz private Pornobilder zu deinem Fetisch \u2713\u2713 Nur hier jetzt exklusiv ansehen!\" \/>\n<meta name=\"robots\" content=\"index, follow, max-snippet:-1, max-image-preview:large, max-video-preview:-1\" \/>\n<link rel=\"canonical\" href=\"https:\/\/www.fetishroot.com\/fetischbilder\/\" \/>\n<meta property=\"og:locale\" content=\"de_DE\" \/>\n<meta property=\"og:type\" content=\"article\" \/>\n<meta property=\"og:title\" content=\"Fetischbilder | Fetischaufnahmen zu allen Neigungen\" \/>\n<meta property=\"og:description\" content=\"Aktuelle Fetisch Bilder zu deiner Neigung t\u00e4glich frisch \u27a4\u27a4 Ganz private Pornobilder zu deinem Fetisch \u2713\u2713 Nur hier jetzt exklusiv ansehen!\" \/>\n<meta property=\"og:url\" content=\"https:\/\/www.fetishroot.com\/fetischbilder\/\" \/>\n<meta property=\"og:site_name\" content=\"Fetisch Bilder\" \/>\n<meta property=\"article:modified_time\" content=\"2024-10-18T11:48:08+00:00\" \/>\n<meta name=\"twitter:card\" content=\"summary_large_image\" \/>\n<meta name=\"twitter:label1\" content=\"Gesch\u00e4tzte Lesezeit\" \/>\n\t<meta name=\"twitter:data1\" content=\"3\u00a0Minuten\" \/>\n<script type=\"application\/ld+json\" class=\"yoast-schema-graph\">{\"@context\":\"https:\/\/schema.org\",\"@graph\":[{\"@type\":\"WebPage\",\"@id\":\"https:\/\/www.fetishroot.com\/fetischbilder\/\",\"url\":\"https:\/\/www.fetishroot.com\/fetischbilder\/\",\"name\":\"Fetischbilder | Fetischaufnahmen zu allen Neigungen\",\"isPartOf\":{\"@id\":\"https:\/\/www.fetishroot.com\/fetischbilder\/#website\"},\"datePublished\":\"2019-11-29T17:53:08+00:00\",\"dateModified\":\"2024-10-18T11:48:08+00:00\",\"description\":\"Aktuelle Fetisch Bilder zu deiner Neigung t\u00e4glich frisch \u27a4\u27a4 Ganz private Pornobilder zu deinem Fetisch \u2713\u2713 Nur hier jetzt exklusiv ansehen!\",\"inLanguage\":\"de\",\"potentialAction\":[{\"@type\":\"ReadAction\",\"target\":[\"https:\/\/www.fetishroot.com\/fetischbilder\/\"]}]},{\"@type\":\"WebSite\",\"@id\":\"https:\/\/www.fetishroot.com\/fetischbilder\/#website\",\"url\":\"https:\/\/www.fetishroot.com\/fetischbilder\/\",\"name\":\"Fetisch Bilder\",\"description\":\"Exklusive Adressen f\u00fcr Fetischfotos zu deinem Thema\",\"potentialAction\":[{\"@type\":\"SearchAction\",\"target\":{\"@type\":\"EntryPoint\",\"urlTemplate\":\"https:\/\/www.fetishroot.com\/fetischbilder\/?s={search_term_string}\"},\"query-input\":{\"@type\":\"PropertyValueSpecification\",\"valueRequired\":true,\"valueName\":\"search_term_string\"}}],\"inLanguage\":\"de\"}]}<\/script>\n<!-- \/ Yoast SEO plugin. -->","yoast_head_json":{"title":"Fetischbilder | Fetischaufnahmen zu allen Neigungen","description":"Aktuelle Fetisch Bilder zu deiner Neigung t\u00e4glich frisch \u27a4\u27a4 Ganz private Pornobilder zu deinem Fetisch \u2713\u2713 Nur hier jetzt exklusiv ansehen!","robots":{"index":"index","follow":"follow","max-snippet":"max-snippet:-1","max-image-preview":"max-image-preview:large","max-video-preview":"max-video-preview:-1"},"canonical":"https:\/\/www.fetishroot.com\/fetischbilder\/","og_locale":"de_DE","og_type":"article","og_title":"Fetischbilder | Fetischaufnahmen zu allen Neigungen","og_description":"Aktuelle Fetisch Bilder zu deiner Neigung t\u00e4glich frisch \u27a4\u27a4 Ganz private Pornobilder zu deinem Fetisch \u2713\u2713 Nur hier jetzt exklusiv ansehen!","og_url":"https:\/\/www.fetishroot.com\/fetischbilder\/","og_site_name":"Fetisch Bilder","article_modified_time":"2024-10-18T11:48:08+00:00","twitter_card":"summary_large_image","twitter_misc":{"Gesch\u00e4tzte Lesezeit":"3\u00a0Minuten"},"schema":{"@context":"https:\/\/schema.org","@graph":[{"@type":"WebPage","@id":"https:\/\/www.fetishroot.com\/fetischbilder\/","url":"https:\/\/www.fetishroot.com\/fetischbilder\/","name":"Fetischbilder | Fetischaufnahmen zu allen Neigungen","isPartOf":{"@id":"https:\/\/www.fetishroot.com\/fetischbilder\/#website"},"datePublished":"2019-11-29T17:53:08+00:00","dateModified":"2024-10-18T11:48:08+00:00","description":"Aktuelle Fetisch Bilder zu deiner Neigung t\u00e4glich frisch \u27a4\u27a4 Ganz private Pornobilder zu deinem Fetisch \u2713\u2713 Nur hier jetzt exklusiv ansehen!","inLanguage":"de","potentialAction":[{"@type":"ReadAction","target":["https:\/\/www.fetishroot.com\/fetischbilder\/"]}]},{"@type":"WebSite","@id":"https:\/\/www.fetishroot.com\/fetischbilder\/#website","url":"https:\/\/www.fetishroot.com\/fetischbilder\/","name":"Fetisch Bilder","description":"Exklusive Adressen f\u00fcr Fetischfotos zu deinem Thema","potentialAction":[{"@type":"SearchAction","target":{"@type":"EntryPoint","urlTemplate":"https:\/\/www.fetishroot.com\/fetischbilder\/?s={search_term_string}"},"query-input":{"@type":"PropertyValueSpecification","valueRequired":true,"valueName":"search_term_string"}}],"inLanguage":"de"}]}},"_links":{"self":[{"href":"https:\/\/www.fetishroot.com\/fetischbilder\/wp-json\/wp\/v2\/pages\/5","targetHints":{"allow":["GET"]}}],"collection":[{"href":"https:\/\/www.fetishroot.com\/fetischbilder\/wp-json\/wp\/v2\/pages"}],"about":[{"href":"https:\/\/www.fetishroot.com\/fetischbilder\/wp-json\/wp\/v2\/types\/page"}],"author":[{"embeddable":true,"href":"https:\/\/www.fetishroot.com\/fetischbilder\/wp-json\/wp\/v2\/users\/1"}],"replies":[{"embeddable":true,"href":"https:\/\/www.fetishroot.com\/fetischbilder\/wp-json\/wp\/v2\/comments?post=5"}],"version-history":[{"count":3,"href":"https:\/\/www.fetishroot.com\/fetischbilder\/wp-json\/wp\/v2\/pages\/5\/revisions"}],"predecessor-version":[{"id":130,"href":"https:\/\/www.fetishroot.com\/fetischbilder\/wp-json\/wp\/v2\/pages\/5\/revisions\/130"}],"wp:attachment":[{"href":"https:\/\/www.fetishroot.com\/fetischbilder\/wp-json\/wp\/v2\/media?parent=5"}],"curies":[{"name":"wp","href":"https:\/\/api.w.org\/{rel}","templated":true}]}}