{"id":5,"date":"2019-11-29T18:53:08","date_gmt":"2019-11-29T17:53:08","guid":{"rendered":"https:\/\/www.fetishroot.com\/amateur-cams\/?page_id=5"},"modified":"2025-09-22T12:57:29","modified_gmt":"2025-09-22T10:57:29","slug":"startseite","status":"publish","type":"page","link":"https:\/\/www.fetishroot.com\/dominas\/","title":{"rendered":"Dominas"},"content":{"rendered":"<div class=\"intro\">\n<h2>Portale mit Dominas ganz privat live und real<\/h2>\n<p>Suchst du eine dominante Frau, eine Domina oder eine Geldherrin, der du dienen kannst? Dann sind diese Angebote genau das Richtige f\u00fcr dich, um dein Verlangen zu stillen. Hier findest du deutschsprachige Dominas privat, FinDoms und Mistresses f\u00fcr all deine Bed\u00fcrfnisse. Sie alle sind auf der Suche nach gehorsamen Sklaven, die sich bei realen Treffen in ihre H\u00e4nde begeben wollen oder bei der Camerziehung einer Wichsanleitung folgen wollen.<\/p>\n<\/div>\n<p class=\"topofentries\"><strong>Top Adressen f\u00fcr Subs (m\/w\/d):<\/strong><\/p>\n<div class=\"presentation\">\n<h3>Cam2Cam Domina Sex mit deiner Herrin<\/h3>\n<p><a href=\"https:\/\/www.domina-sex.com\/\" target=\"_blank\" rel=\"noopener noreferrer\">domina-sex.com ansehen<\/a><br \/>\nDu kleiner, wertloser Spritzer. Auf der Suche nach Strenge? Brauchst du eine harte Erziehung, eine Anleitug oder Beschimpfung durch eine Domina? Domina-Sex.com ist die richtige Anlaufstelle f\u00fcr alle Devotlinge, die auf der Suche nach einer Gebieterin seind, die im Cam2Cam Chat den Ton angibt.\n<\/div>\n<div class=\"presentation\">\n<h3>Mistress Cam Erziehung &#038; Cuckolding<\/h3>\n<p><a href=\"https:\/\/www.mistress-cams.net\/\" target=\"_blank\" rel=\"noopener noreferrer\">mistress-cams.net ansehen<\/a><br \/>\nBei den Mistress Cams kannst du mit einer Domina privat und Cam2Cam hatten. Genie\u00dfe deine pers\u00f6nliche Wichsanleitung einer erfahrenen Goddess oder lass dich als Cucki von deinem Hotwife erniedrigen. Mit anonymem Telefonzugang!\n<\/div>\n<div class=\"presentation\">\n<h3>Deutsches Domina Cam Portal<\/h3>\n<p><a href=\"https:\/\/www.domina-cam.net\/\" target=\"_blank\" rel=\"noopener noreferrer\">domina-cam.net ansehen<\/a><br \/>\nDu bist Sklave, Cuckold, eine Sissy oder suchst ganz einfach nach einer Frau, die dich dominiert? Bei diesem Cam Portal findest du deine Domina! Herrinnen wie &#8218;Lady Meli&#8216;, Annika Rose&#8216;, &#8218;Cassy TS&#8216; oder &#8218;Beauty of Pain&#8216; erziehen live Cam to Cam.\n<\/div>\n<div class=\"presentation\">\n<h3>Domina Sex Chat Community<\/h3>\n<p><a href=\"https:\/\/www.domina-sexchat.com\/\" target=\"_blank\" rel=\"noopener noreferrer\">domina-sexchat.com ansehen<\/a><br \/>\nDeutschsprachige Dominas z\u00fcchtigen und erziehen im Sexchat live ihre Sklaven. Bist du bereit, Sklave? Hier warten Herrinnen wie &#8218;Herrrin Stella&#8216;, &#8218;Madame Yve&#8216;, &#8218;Calea Toxic&#8216; und viele andere darauf, dir den Arsch aufzurei\u00dfen.\n<\/div>\n<div class=\"presentation\">\n<h3>Schmerzerziehung mit Mistress<\/h3>\n<p><a href=\"https:\/\/www.domina-cams.net\/\" target=\"_blank\" rel=\"noopener noreferrer\">domina-cams.net ansehen<\/a><br \/>\nBei der Sklaven- oder auch Schmerzerziehung bekommst du als angehender Sklave Aufgaben oder eine Wichsanweisung, denen\/der du Folge leisten musst. Erlebe eine strenge und interaktive Camerziehung im Cam to Cam Modus mit erfahreen Dominas.\n<\/div>\n<div class=\"presentation\">\n<h3>Schmerzerziehung mit Mistress<\/h3>\n<p><a href=\"https:\/\/www.domina-chat.cam\/\" target=\"_blank\" rel=\"noopener noreferrer\">domina-chat.cam ansehen<\/a><br \/>\nBrauchst du eine Wichsanleitung oder sehnst dich nach einer Camerziehung durch eine erfahrene Mistress? Wenn du mit einer Femdom allein vor der Cam und im Chat sein willst, um dein Sklavendasein zu erf\u00fcllen &#8211; nutze dieses Livecam Portal mit Cam2Cam Funktion.\n<\/div>\n<div class=\"presentation\">\n<h3>Schweizer Dominas live<\/h3>\n<p><a href=\"https:\/\/www.domina-camsex.ch\/\" target=\"_blank\" rel=\"noopener noreferrer\">domina-camsex.ch ansehen<\/a><br \/>\nHier senden Schweizer Dominas aber auch Herrinnen aus Deutschland und \u00d6sterreich per Livecam. Sie sind bereit f\u00fcr Rollenspiele wie Camerziehung, Wichsanleitungen und weitere Rollenspiele. F\u00fcr Zahlschweine finden hier auch Frauen f\u00fcr finanzielle Dominanz.\n<\/div>\n<div class=\"presentation\">\n<h3>Dominante Frauen Cam2Cam<\/h3>\n<p><a href=\"https:\/\/www.dominas-cam2cam.com\/\" target=\"_blank\" rel=\"noopener noreferrer\">dominas-cam2cam.com ansehen<\/a><br \/>\nSuchst du eine dominante Dame, die dich im privaten CamtoCam Chat richtig unterwirft und dir ihre erbarmungslose Erziehung aufzwingt? Hier findest du Herrinnen f\u00fcr Sklavenerziehung oder jedes BDSM Rollenspiel, so wie du es brauchst.\n<\/div>\n<div class=\"presentation\">\n<h3>Domina Chat aus der Schweiz<\/h3>\n<p><a href=\"https:\/\/www.domina-chat.ch\/\" target=\"_blank\" rel=\"noopener noreferrer\">domina-chat.ch ansehen<\/a><br \/>\nF\u00fcr eine private Camerziehung von Dominas privat Cam2Cam eignet sich der Domina Chat der Schweiz bestens! F\u00fcr Sklaven und Cuckolds empfehlen wir den anonymen Telefonzugang oder aber die kostenlose Mitgliedschaft mit Guthaben in Eigeninitiative.\n<\/div>\n<div class=\"presentation\">\n<h3>Domina Sexcams Community<\/h3>\n<p><a href=\"https:\/\/www.dominasexcams.com\/\" target=\"_blank\" rel=\"noopener noreferrer\">dominasexcams.com ansehen<\/a><br \/>\nJetzt deine Online Herrin live vor der WebCam erleben. F\u00fcr jeden willigen Sklaven findet sich hier die passende Online Domina und Online Herrin.\n<\/div>\n<div class=\"intro\">\n<h2>Domina im Chat finden und Camerziehung erleben oder verabreden<\/h2>\n<p>Ob reale Schmerzerziehung oder eine private Camerziehung im Livecam Chat. Auf diesen Seiten wirst du garantiert die Herrin finden, die du verdienst. Wenn du bereit zur Unterwerfung bist, dann w\u00e4hle aus den oben aufgef\u00fchrten Angeboten. Dort findest du Dominas, die dich beim 1:1 Camsex auf Cam2Cam z\u00fcchtigen, erniedrigen und erziehen. Nach bester BDSM Manier kannst du deiner Gebieterin dienen und dir falls gew\u00fcnscht, von einer Findom dein Geld aus der Tasche ziehen lassen.<\/p>\n<p><img loading=\"lazy\" decoding=\"async\" src=\"..\/images\/herrin-im-dominaoutfit.jpg\" class=\"aligncenter img-responsive\" width=\"750\" height=\"500\" alt=\"Herrin im Dominaoutfit\"><\/p>\n<p>Diese Camchats mit erfahrenen Dominas sind f\u00fcr Weicheier wie dich sicher genau das Richtige. Falls es dir nicht genug ist, dich im Livesex Stream von einer Mistress dem\u00fctigen und z\u00fcchtigen zu lassen, dann frage im Sexchat nach einem realen Dominatreff. Denn viele der Ladies kannst du auch ganz privat treffen. Ob in einem BDSM Studio oder in einer privaten Wohnung &#8211; bei den Domina Chats wirst du echte Treffen verabreden. Hunderte private Dominas warten bereits auf Sexsklaven und du darfst einer von ihnen werden.<\/p>\n<h3>Mit dem Dominaverzeichnis zum Sklaven werden<\/h3>\n<ul>\n<li>Tipps f\u00fcr die besten Dominaseiten im Netz erhalten<\/li>\n<li>Reale Kontakte mit Herrinnen herstellen<\/li>\n<li>Dirty Talk Chats mit erfahrenen Ladies besuchen<\/li>\n<li>Online Chaterziehung und Z\u00fcchtigung im Livecam Chat erleben<\/li>\n<li>Hausbesuche oder Studio Sessions mit Dominas privat ausmachen<\/li>\n<li>Feminisierung durch erfahrene BDSM Goddess<\/li>\n<li>DWT und Sissys finden dominante GespielInnen<\/li>\n<li>Zugang zu exklusiven Videoclips und Bildern ergattern<\/li>\n<\/ul>\n<h4>Online Bestrafung durch harte Herrinnen<\/h4>\n<p>Du brauchst eine harte Frauenhand, die dich erzieht und die dich im Domina Chat ganz privat rannimmt und dir Gehorsam und Disziplin beibringt. W\u00e4hle dazu einfach eines der oben aufgef\u00fchrten Angebote aus und du wirst schnell eine Chatpartnerin finden, die dir eine Wichsanweisung gibt. F\u00fcr den ganz privaten Dominatreff kannst du die Damen jederzeit im Chat fragen ob sie f\u00fcr ein echtes Date bereit sind. Hier im Fetischverzeichnis haben wir speziell solche Angebote aufgef\u00fchrt, die solche Treffs auch tolerieren. Vielleicht kannst du dich ja schon f\u00fcr heute oder morgen Abend mit einer Herrin verabreden und bekommst deine ganz private Bestrafung, auch au\u00dferhalb des Online Chats.<\/p>\n<\/div>\n","protected":false},"excerpt":{"rendered":"<p>Portale mit Dominas ganz privat live und real Suchst du eine dominante Frau, eine Domina oder eine Geldherrin, der du<\/p>\n","protected":false},"author":1,"featured_media":0,"parent":0,"menu_order":0,"comment_status":"closed","ping_status":"closed","template":"","meta":{"footnotes":""},"class_list":["post-5","page","type-page","status-publish","hentry"],"yoast_head":"<!-- This site is optimized with the Yoast SEO plugin v26.6 - https:\/\/yoast.com\/wordpress\/plugins\/seo\/ -->\n<title>Dominas privat | Domina Chats mit Camerziehung + Dominatreff<\/title>\n<meta name=\"description\" content=\"Sklave - du brauchst die harte Z\u00fcchtigung durch eine Domina \u27a4\u27a4 Deutschsprachige Dominas f\u00fcr Camerziehung &amp; Treffen \u2713\u2713 Gratis gute Seiten finden\" \/>\n<meta name=\"robots\" content=\"index, follow, max-snippet:-1, max-image-preview:large, max-video-preview:-1\" \/>\n<link rel=\"canonical\" href=\"https:\/\/www.fetishroot.com\/dominas\/\" \/>\n<meta property=\"og:locale\" content=\"de_DE\" \/>\n<meta property=\"og:type\" content=\"article\" \/>\n<meta property=\"og:title\" content=\"Dominas privat | Domina Chats mit Camerziehung + Dominatreff\" \/>\n<meta property=\"og:description\" content=\"Sklave - du brauchst die harte Z\u00fcchtigung durch eine Domina \u27a4\u27a4 Deutschsprachige Dominas f\u00fcr Camerziehung &amp; Treffen \u2713\u2713 Gratis gute Seiten finden\" \/>\n<meta property=\"og:url\" content=\"https:\/\/www.fetishroot.com\/dominas\/\" \/>\n<meta property=\"og:site_name\" content=\"Dominas privat\" \/>\n<meta property=\"article:modified_time\" content=\"2025-09-22T10:57:29+00:00\" \/>\n<meta name=\"twitter:card\" content=\"summary_large_image\" \/>\n<meta name=\"twitter:label1\" content=\"Gesch\u00e4tzte Lesezeit\" \/>\n\t<meta name=\"twitter:data1\" content=\"5\u00a0Minuten\" \/>\n<script type=\"application\/ld+json\" class=\"yoast-schema-graph\">{\"@context\":\"https:\/\/schema.org\",\"@graph\":[{\"@type\":\"WebPage\",\"@id\":\"https:\/\/www.fetishroot.com\/dominas\/\",\"url\":\"https:\/\/www.fetishroot.com\/dominas\/\",\"name\":\"Dominas privat | Domina Chats mit Camerziehung + Dominatreff\",\"isPartOf\":{\"@id\":\"https:\/\/www.fetishroot.com\/dominas\/#website\"},\"datePublished\":\"2019-11-29T17:53:08+00:00\",\"dateModified\":\"2025-09-22T10:57:29+00:00\",\"description\":\"Sklave - du brauchst die harte Z\u00fcchtigung durch eine Domina \u27a4\u27a4 Deutschsprachige Dominas f\u00fcr Camerziehung & Treffen \u2713\u2713 Gratis gute Seiten finden\",\"inLanguage\":\"de\",\"potentialAction\":[{\"@type\":\"ReadAction\",\"target\":[\"https:\/\/www.fetishroot.com\/dominas\/\"]}]},{\"@type\":\"WebSite\",\"@id\":\"https:\/\/www.fetishroot.com\/dominas\/#website\",\"url\":\"https:\/\/www.fetishroot.com\/dominas\/\",\"name\":\"Dominas privat\",\"description\":\"Sklaven finden hier ihre Gebieterin\",\"potentialAction\":[{\"@type\":\"SearchAction\",\"target\":{\"@type\":\"EntryPoint\",\"urlTemplate\":\"https:\/\/www.fetishroot.com\/dominas\/?s={search_term_string}\"},\"query-input\":{\"@type\":\"PropertyValueSpecification\",\"valueRequired\":true,\"valueName\":\"search_term_string\"}}],\"inLanguage\":\"de\"}]}<\/script>\n<!-- \/ Yoast SEO plugin. -->","yoast_head_json":{"title":"Dominas privat | Domina Chats mit Camerziehung + Dominatreff","description":"Sklave - du brauchst die harte Z\u00fcchtigung durch eine Domina \u27a4\u27a4 Deutschsprachige Dominas f\u00fcr Camerziehung & Treffen \u2713\u2713 Gratis gute Seiten finden","robots":{"index":"index","follow":"follow","max-snippet":"max-snippet:-1","max-image-preview":"max-image-preview:large","max-video-preview":"max-video-preview:-1"},"canonical":"https:\/\/www.fetishroot.com\/dominas\/","og_locale":"de_DE","og_type":"article","og_title":"Dominas privat | Domina Chats mit Camerziehung + Dominatreff","og_description":"Sklave - du brauchst die harte Z\u00fcchtigung durch eine Domina \u27a4\u27a4 Deutschsprachige Dominas f\u00fcr Camerziehung & Treffen \u2713\u2713 Gratis gute Seiten finden","og_url":"https:\/\/www.fetishroot.com\/dominas\/","og_site_name":"Dominas privat","article_modified_time":"2025-09-22T10:57:29+00:00","twitter_card":"summary_large_image","twitter_misc":{"Gesch\u00e4tzte Lesezeit":"5\u00a0Minuten"},"schema":{"@context":"https:\/\/schema.org","@graph":[{"@type":"WebPage","@id":"https:\/\/www.fetishroot.com\/dominas\/","url":"https:\/\/www.fetishroot.com\/dominas\/","name":"Dominas privat | Domina Chats mit Camerziehung + Dominatreff","isPartOf":{"@id":"https:\/\/www.fetishroot.com\/dominas\/#website"},"datePublished":"2019-11-29T17:53:08+00:00","dateModified":"2025-09-22T10:57:29+00:00","description":"Sklave - du brauchst die harte Z\u00fcchtigung durch eine Domina \u27a4\u27a4 Deutschsprachige Dominas f\u00fcr Camerziehung & Treffen \u2713\u2713 Gratis gute Seiten finden","inLanguage":"de","potentialAction":[{"@type":"ReadAction","target":["https:\/\/www.fetishroot.com\/dominas\/"]}]},{"@type":"WebSite","@id":"https:\/\/www.fetishroot.com\/dominas\/#website","url":"https:\/\/www.fetishroot.com\/dominas\/","name":"Dominas privat","description":"Sklaven finden hier ihre Gebieterin","potentialAction":[{"@type":"SearchAction","target":{"@type":"EntryPoint","urlTemplate":"https:\/\/www.fetishroot.com\/dominas\/?s={search_term_string}"},"query-input":{"@type":"PropertyValueSpecification","valueRequired":true,"valueName":"search_term_string"}}],"inLanguage":"de"}]}},"_links":{"self":[{"href":"https:\/\/www.fetishroot.com\/dominas\/wp-json\/wp\/v2\/pages\/5","targetHints":{"allow":["GET"]}}],"collection":[{"href":"https:\/\/www.fetishroot.com\/dominas\/wp-json\/wp\/v2\/pages"}],"about":[{"href":"https:\/\/www.fetishroot.com\/dominas\/wp-json\/wp\/v2\/types\/page"}],"author":[{"embeddable":true,"href":"https:\/\/www.fetishroot.com\/dominas\/wp-json\/wp\/v2\/users\/1"}],"replies":[{"embeddable":true,"href":"https:\/\/www.fetishroot.com\/dominas\/wp-json\/wp\/v2\/comments?post=5"}],"version-history":[{"count":9,"href":"https:\/\/www.fetishroot.com\/dominas\/wp-json\/wp\/v2\/pages\/5\/revisions"}],"predecessor-version":[{"id":177,"href":"https:\/\/www.fetishroot.com\/dominas\/wp-json\/wp\/v2\/pages\/5\/revisions\/177"}],"wp:attachment":[{"href":"https:\/\/www.fetishroot.com\/dominas\/wp-json\/wp\/v2\/media?parent=5"}],"curies":[{"name":"wp","href":"https:\/\/api.w.org\/{rel}","templated":true}]}}